{"id":9,"date":"2018-11-12T22:57:46","date_gmt":"2018-11-12T21:57:46","guid":{"rendered":"https:\/\/artikel.zhena.de\/?page_id=9"},"modified":"2019-01-03T14:32:53","modified_gmt":"2019-01-03T13:32:53","slug":"artikel-landing","status":"publish","type":"page","link":"https:\/\/artikel.zhena.de\/","title":{"rendered":"ZHENA Artikel"},"content":{"rendered":"<div class=\"container\">\n<h2 class=\"services-box-headline\">Die 4 S\u00e4ulen von ZHENA<\/h2>\n<p class=\"services-box-intro mb-5\">In unseren ZHENA Artikeln findest du das aktuellste Wissen rund um:<br \/>\ndie optimale Ern\u00e4hrung<br \/>\ndas effektivste Training<br \/>\ndie Funktionsweise des weiblichen K\u00f6rpers und<br \/>\ndas richtige Mindset.<br \/>\nDoch das Besondere bei ZHENA:<br \/>\nWir verbinden die wissenschaftliche Theorie mit praktischer Erfahrung. Wir erkl\u00e4ren dir, was theoretisch optimal ist, aber auch, wie du das am besten f\u00fcr dich umsetzt.<\/p>\n<ul class=\" row justify-content-around article-category-list py-7\">\n<li class=\" col-12 col-md-5 mb-6 article-category-list-item diet\"><a class=\"article-category-list-item-link\" href=\"https:\/\/artikel.zhena.de\/?cat=8\">Ern\u00e4hrung<\/a><\/li>\n<li class=\"col-12 col-md-5 mb-6 article-category-list-item physiology\"><a class=\"article-category-list-item-link\" href=\"https:\/\/artikel.zhena.de\/?cat=2\">K\u00f6rper<\/a><\/li>\n<li class=\"col-12 col-md-5 mb-6 article-category-list-item psychology\"><a class=\"article-category-list-item-link\" href=\"https:\/\/artikel.zhena.de\/?cat=6\/\">Mindset<\/a><\/li>\n<li class=\"col-12 col-md-5 mb-6 article-category-list-item training\"><a class=\"article-category-list-item-link\" href=\"https:\/\/artikel.zhena.de\/?cat=4\">Training<\/a><\/li>\n<\/ul>\n<\/div>\n<p>Bildquelle: unsplash.com<\/p>\n","protected":false},"excerpt":{"rendered":"<p>Die 4 S\u00e4ulen von ZHENA In unseren ZHENA Artikeln findest du das aktuellste Wissen rund um: die optimale Ern\u00e4hrung das effektivste Training die Funktionsweise des weiblichen K\u00f6rpers und das richtige Mindset. Doch das Besondere bei ZHENA: Wir verbinden die wissenschaftliche Theorie mit praktischer Erfahrung. Wir erkl\u00e4ren dir, was theoretisch optimal ist, aber auch, wie du [&hellip;]<\/p>\n","protected":false},"author":2,"featured_media":47,"parent":0,"menu_order":0,"comment_status":"closed","ping_status":"closed","template":"page-full-width-headerimage.php","meta":{"jetpack_post_was_ever_published":false},"yoast_head":"<!-- This site is optimized with the Yoast SEO plugin v20.2.1 - https:\/\/yoast.com\/wordpress\/plugins\/seo\/ -->\n<title>ZHENA Artikel - ZHENA<\/title>\n<meta name=\"robots\" content=\"index, follow, max-snippet:-1, max-image-preview:large, max-video-preview:-1\" \/>\n<link rel=\"canonical\" href=\"https:\/\/artikel.zhena.de\/\" \/>\n<meta property=\"og:locale\" content=\"de_DE\" \/>\n<meta property=\"og:type\" content=\"article\" \/>\n<meta property=\"og:title\" content=\"ZHENA Artikel - ZHENA\" \/>\n<meta property=\"og:description\" content=\"Die 4 S\u00e4ulen von ZHENA In unseren ZHENA Artikeln findest du das aktuellste Wissen rund um: die optimale Ern\u00e4hrung das effektivste Training die Funktionsweise des weiblichen K\u00f6rpers und das richtige Mindset. Doch das Besondere bei ZHENA: Wir verbinden die wissenschaftliche Theorie mit praktischer Erfahrung. Wir erkl\u00e4ren dir, was theoretisch optimal ist, aber auch, wie du [&hellip;]\" \/>\n<meta property=\"og:url\" content=\"https:\/\/artikel.zhena.de\/\" \/>\n<meta property=\"og:site_name\" content=\"ZHENA\" \/>\n<meta property=\"article:modified_time\" content=\"2019-01-03T13:32:53+00:00\" \/>\n<meta property=\"og:image\" content=\"https:\/\/artikel.zhena.de\/wp-content\/uploads\/2018\/11\/lubo-minar-736214-unsplash.jpg\" \/>\n\t<meta property=\"og:image:width\" content=\"2048\" \/>\n\t<meta property=\"og:image:height\" content=\"1638\" \/>\n\t<meta property=\"og:image:type\" content=\"image\/jpeg\" \/>\n<meta name=\"twitter:card\" content=\"summary_large_image\" \/>\n<script type=\"application\/ld+json\" class=\"yoast-schema-graph\">{\"@context\":\"https:\/\/schema.org\",\"@graph\":[{\"@type\":\"WebPage\",\"@id\":\"https:\/\/artikel.zhena.de\/\",\"url\":\"https:\/\/artikel.zhena.de\/\",\"name\":\"ZHENA Artikel - ZHENA\",\"isPartOf\":{\"@id\":\"https:\/\/artikel.zhena.de\/#website\"},\"datePublished\":\"2018-11-12T21:57:46+00:00\",\"dateModified\":\"2019-01-03T13:32:53+00:00\",\"breadcrumb\":{\"@id\":\"https:\/\/artikel.zhena.de\/#breadcrumb\"},\"inLanguage\":\"de\",\"potentialAction\":[{\"@type\":\"ReadAction\",\"target\":[\"https:\/\/artikel.zhena.de\/\"]}]},{\"@type\":\"BreadcrumbList\",\"@id\":\"https:\/\/artikel.zhena.de\/#breadcrumb\",\"itemListElement\":[{\"@type\":\"ListItem\",\"position\":1,\"name\":\"Startseite\",\"item\":\"https:\/\/artikel.zhena.de\/\"},{\"@type\":\"ListItem\",\"position\":2,\"name\":\"ZHENA Artikel\"}]},{\"@type\":\"WebSite\",\"@id\":\"https:\/\/artikel.zhena.de\/#website\",\"url\":\"https:\/\/artikel.zhena.de\/\",\"name\":\"ZHENA\",\"description\":\"Fitness f\u00fcr Frauen, die mehr als nur gut aussehen wollen\",\"potentialAction\":[{\"@type\":\"SearchAction\",\"target\":{\"@type\":\"EntryPoint\",\"urlTemplate\":\"https:\/\/artikel.zhena.de\/?s={search_term_string}\"},\"query-input\":\"required name=search_term_string\"}],\"inLanguage\":\"de\"}]}<\/script>\n<!-- \/ Yoast SEO plugin. -->","yoast_head_json":{"title":"ZHENA Artikel - ZHENA","robots":{"index":"index","follow":"follow","max-snippet":"max-snippet:-1","max-image-preview":"max-image-preview:large","max-video-preview":"max-video-preview:-1"},"canonical":"https:\/\/artikel.zhena.de\/","og_locale":"de_DE","og_type":"article","og_title":"ZHENA Artikel - ZHENA","og_description":"Die 4 S\u00e4ulen von ZHENA In unseren ZHENA Artikeln findest du das aktuellste Wissen rund um: die optimale Ern\u00e4hrung das effektivste Training die Funktionsweise des weiblichen K\u00f6rpers und das richtige Mindset. Doch das Besondere bei ZHENA: Wir verbinden die wissenschaftliche Theorie mit praktischer Erfahrung. Wir erkl\u00e4ren dir, was theoretisch optimal ist, aber auch, wie du [&hellip;]","og_url":"https:\/\/artikel.zhena.de\/","og_site_name":"ZHENA","article_modified_time":"2019-01-03T13:32:53+00:00","og_image":[{"width":2048,"height":1638,"url":"https:\/\/artikel.zhena.de\/wp-content\/uploads\/2018\/11\/lubo-minar-736214-unsplash.jpg","type":"image\/jpeg"}],"twitter_card":"summary_large_image","schema":{"@context":"https:\/\/schema.org","@graph":[{"@type":"WebPage","@id":"https:\/\/artikel.zhena.de\/","url":"https:\/\/artikel.zhena.de\/","name":"ZHENA Artikel - ZHENA","isPartOf":{"@id":"https:\/\/artikel.zhena.de\/#website"},"datePublished":"2018-11-12T21:57:46+00:00","dateModified":"2019-01-03T13:32:53+00:00","breadcrumb":{"@id":"https:\/\/artikel.zhena.de\/#breadcrumb"},"inLanguage":"de","potentialAction":[{"@type":"ReadAction","target":["https:\/\/artikel.zhena.de\/"]}]},{"@type":"BreadcrumbList","@id":"https:\/\/artikel.zhena.de\/#breadcrumb","itemListElement":[{"@type":"ListItem","position":1,"name":"Startseite","item":"https:\/\/artikel.zhena.de\/"},{"@type":"ListItem","position":2,"name":"ZHENA Artikel"}]},{"@type":"WebSite","@id":"https:\/\/artikel.zhena.de\/#website","url":"https:\/\/artikel.zhena.de\/","name":"ZHENA","description":"Fitness f\u00fcr Frauen, die mehr als nur gut aussehen wollen","potentialAction":[{"@type":"SearchAction","target":{"@type":"EntryPoint","urlTemplate":"https:\/\/artikel.zhena.de\/?s={search_term_string}"},"query-input":"required name=search_term_string"}],"inLanguage":"de"}]}},"wps_subtitle":"","jetpack_sharing_enabled":false,"jetpack_shortlink":"https:\/\/wp.me\/ParyCq-9","_links":{"self":[{"href":"https:\/\/artikel.zhena.de\/index.php?rest_route=\/wp\/v2\/pages\/9"}],"collection":[{"href":"https:\/\/artikel.zhena.de\/index.php?rest_route=\/wp\/v2\/pages"}],"about":[{"href":"https:\/\/artikel.zhena.de\/index.php?rest_route=\/wp\/v2\/types\/page"}],"author":[{"embeddable":true,"href":"https:\/\/artikel.zhena.de\/index.php?rest_route=\/wp\/v2\/users\/2"}],"replies":[{"embeddable":true,"href":"https:\/\/artikel.zhena.de\/index.php?rest_route=%2Fwp%2Fv2%2Fcomments&post=9"}],"version-history":[{"count":27,"href":"https:\/\/artikel.zhena.de\/index.php?rest_route=\/wp\/v2\/pages\/9\/revisions"}],"predecessor-version":[{"id":164,"href":"https:\/\/artikel.zhena.de\/index.php?rest_route=\/wp\/v2\/pages\/9\/revisions\/164"}],"wp:featuredmedia":[{"embeddable":true,"href":"https:\/\/artikel.zhena.de\/index.php?rest_route=\/wp\/v2\/media\/47"}],"wp:attachment":[{"href":"https:\/\/artikel.zhena.de\/index.php?rest_route=%2Fwp%2Fv2%2Fmedia&parent=9"}],"curies":[{"name":"wp","href":"https:\/\/api.w.org\/{rel}","templated":true}]}}